{"id":152,"date":"2014-09-04T17:38:06","date_gmt":"2014-09-04T16:38:06","guid":{"rendered":"https:\/\/www.aguasmart.com\/es\/?page_id=152"},"modified":"2017-09-27T13:18:48","modified_gmt":"2017-09-27T12:18:48","slug":"planta-ab-ct","status":"publish","type":"page","link":"https:\/\/www.aguasmart.com\/es\/planta-ab-ct\/","title":{"rendered":"Planta AS-CT"},"content":{"rendered":"<h1>Planta AguaSmart en contenedor : AB-CT<\/h1>\n<p><img loading=\"lazy\" decoding=\"async\" class=\"alignleft\" style=\"line-height: 1.714285714; font-size: 1rem;\" alt=\"\" src=\"https:\/\/www.aguasmart.com\/wp-content\/uploads\/2014\/01\/img_home1.jpg\" width=\"380\" height=\"510\" \/><\/p>\n<p>&nbsp;<\/p>\n<p>Nuestro unidad AguaSmart en contendor es una unidad de purificaci\u00f3n fijo, la energ\u00eda auto-suministrado como con paneles solares o turbinas de viento.<\/p>\n<ul>\n<li>F\u00e1cil de transportar<\/li>\n<li>R\u00e1pida de implementar<\/li>\n<li>Completamente aut\u00f3nomo<\/li>\n<\/ul>\n<p>Esto llenar\u00e1 la necesidad de agua potable en las zonas sin energ\u00eda o de dif\u00edcil acceso.<\/p>\n<p>&nbsp;<\/p>\n<p>&nbsp;<\/p>\n<p>&nbsp;<\/p>\n<p><iframe loading=\"lazy\" src=\"http:\/\/www.youtube.com\/embed\/jhi2-eZ0bdw\" height=\"350\" width=\"425\" frameborder=\"0\"><\/iframe><\/p>\n<p>No dude en ponerse en contacto con nosotros con cualquier pregunta sobre esta unidad.<\/p>\n<p><a href=\"https:\/\/www.aguasmart.com\/es\/wp-content\/uploads\/sites\/3\/2016\/03\/AGUASMART_AB-CT-2016-ES.pdf\" target=\"_blank\"><img loading=\"lazy\" decoding=\"async\" alt=\"\" src=\"https:\/\/www.aguasmart.com\/es\/wp-content\/uploads\/sites\/3\/2014\/01\/telecharger.jpg\" width=\"250\" height=\"60\" \/><\/a><\/p>\n","protected":false},"excerpt":{"rendered":"<p>Planta AguaSmart en contenedor : AB-CT &nbsp; Nuestro unidad AguaSmart en contendor es una unidad de purificaci\u00f3n fijo, la energ\u00eda auto-suministrado como con paneles solares o turbinas de viento. F\u00e1cil de transportar R\u00e1pida de implementar Completamente aut\u00f3nomo Esto llenar\u00e1 la necesidad de agua potable en las zonas sin energ\u00eda o de dif\u00edcil acceso. &nbsp; &nbsp; [&hellip;]<\/p>\n","protected":false},"author":1,"featured_media":0,"parent":0,"menu_order":0,"comment_status":"closed","ping_status":"closed","template":"","meta":{"footnotes":""},"class_list":["post-152","page","type-page","status-publish","hentry"],"_links":{"self":[{"href":"https:\/\/www.aguasmart.com\/es\/wp-json\/wp\/v2\/pages\/152","targetHints":{"allow":["GET"]}}],"collection":[{"href":"https:\/\/www.aguasmart.com\/es\/wp-json\/wp\/v2\/pages"}],"about":[{"href":"https:\/\/www.aguasmart.com\/es\/wp-json\/wp\/v2\/types\/page"}],"author":[{"embeddable":true,"href":"https:\/\/www.aguasmart.com\/es\/wp-json\/wp\/v2\/users\/1"}],"replies":[{"embeddable":true,"href":"https:\/\/www.aguasmart.com\/es\/wp-json\/wp\/v2\/comments?post=152"}],"version-history":[{"count":4,"href":"https:\/\/www.aguasmart.com\/es\/wp-json\/wp\/v2\/pages\/152\/revisions"}],"predecessor-version":[{"id":181,"href":"https:\/\/www.aguasmart.com\/es\/wp-json\/wp\/v2\/pages\/152\/revisions\/181"}],"wp:attachment":[{"href":"https:\/\/www.aguasmart.com\/es\/wp-json\/wp\/v2\/media?parent=152"}],"curies":[{"name":"wp","href":"https:\/\/api.w.org\/{rel}","templated":true}]}}