{"id":17,"date":"2014-01-12T18:51:00","date_gmt":"2014-01-12T17:51:00","guid":{"rendered":"https:\/\/www.aguasmart.com\/\/es\/?page_id=17"},"modified":"2017-09-27T13:18:33","modified_gmt":"2017-09-27T12:18:33","slug":"la-sociedad","status":"publish","type":"page","link":"https:\/\/www.aguasmart.com\/es\/la-sociedad\/","title":{"rendered":"LA SOCIEDAD"},"content":{"rendered":"<p><img decoding=\"async\" class=\"alignleft  wp-image-18\" alt=\"txtsocietees\" src=\"https:\/\/www.aguasmart.com\/es\/wp-content\/uploads\/sites\/3\/2014\/01\/txtsociete.gif\" \/><\/p>\n<p><img decoding=\"async\" class=\"alignright  wp-image-19\" alt=\"recycling\" src=\"https:\/\/www.aguasmart.com\/es\/wp-content\/uploads\/sites\/3\/2014\/01\/recycling1.jpg\" \/><\/p>\n<p>&nbsp;<\/p>\n<p>&nbsp;<\/p>\n<p>&nbsp;<\/p>\n<p><strong style=\"color: #00ccff; line-height: 1.714285714; font-size: 1rem;\">Potabilizaci\u00f3n<\/strong><\/p>\n<p><strong style=\"color: #00ccff; line-height: 1.714285714; font-size: 1rem;\"><\/strong>AguaSmart tiene como misi\u00f3n producir\u00a0<strong>agua potable<\/strong>\u00a0al m\u00e1s\u00a0<strong>bajo costo<\/strong>\u00a0en lugares sin electricidad.<\/p>\n<p><strong>AguaSmart<\/strong>\u00a0innova en base al uso de\u00a0<strong>sistemas ecol\u00f3gicos de purificaci\u00f3n<\/strong>\u00a0del agua utilizando energ\u00eda limpia como la e\u00f3lica y la solar.<\/p>\n<p>Al operar de forma\u00a0<strong>independiente<\/strong>, pueden ser ubicados en cualquier lugar y est\u00e1 dise\u00f1ado para poblaciones que necesitan agua potable a un costo muy bajo de producci\u00f3n.<\/p>\n<p>Estas unidades pueden procesar todo tipo de agua (<strong>r\u00edos, pozos, agua de mar, agua salobre<\/strong>), son adem\u00e1s c\u00f3modamente transportables y f\u00e1ciles de usar gracias a la simpleza de su<\/p>\n<p><img decoding=\"async\" class=\"alignright  wp-image-23\" style=\"color: #0f3647; line-height: 24px;\" alt=\"cont02\" src=\"https:\/\/www.aguasmart.com\/es\/wp-content\/uploads\/sites\/3\/2014\/01\/cont022.jpg\" \/>operaci\u00f3n y mantenimiento.<\/p>\n<p>Para proporcionar a nuestros usuarios un producto fiable y eficaz que cumpla con las\u00a0<strong>normas<\/strong>\u00a0de la\u00a0<strong>OMS<\/strong>\u00a0sobre la calidad del agua tratada, AguaSmart\u00a0 trabaja permanentemente con oficinas de ingenier\u00eda y diversos laboratorios. Dependiendo del agua a tratar (an\u00e1lisis de agua obligatorio para la configuraci\u00f3n de las unidades), \u00a0AguaSmart basa en dos tecnolog\u00edas diferentes de filtrado:<\/p>\n<p><strong>Ultrafiltraci\u00f3n<\/strong><\/p>\n<p>&#8211; aguas superficiales (r\u00edos, lagos, &#8230;)<br \/>\n&#8211; agua dulce (pozos, perforaciones, &#8230;)<\/p>\n<p>La ultrafiltraci\u00f3n elimina los contaminantes org\u00e1nicos, virus, bacterias, microbios &#8230; hasta 0,01 micrones sin tratamiento qu\u00edmicos t\u00f3xicos. La ultrafiltraci\u00f3n utiliza un proceso mec\u00e1nico: el agua cruda se filtra bajo presi\u00f3n a trav\u00e9s de una membrana microporosa que<\/p>\n<p>retiene los minerales naturales del agua.<\/p>\n<p><strong>La \u00f3smosis inversa (hiperfiltraci\u00f3n)<\/strong><\/p>\n<p>&#8211; El agua de mar<br \/>\n&#8211; Lagos salados<br \/>\n&#8211; aguas salobre<\/p>\n<p>La \u00f3smosis inversa no solamente elimina la sal del agua, sino tambi\u00e9n todos los contaminantes moleculares, los g\u00e9rmenes, polen, bacterias, virus &#8230; hasta 0.001 micrones sin tratamiento qu\u00edmicos t\u00f3xicos. La \u00f3smosis inversa o hiperfiltraci\u00f3n se basa en una membrana de m\u00faltiples capas que filtra el agua a alta presi\u00f3n.<\/p>\n<p><span style=\"color: #00ccff;\"><strong>Generaci\u00f3n de Electricidad<\/strong><\/span><\/p>\n<p>Basadas en\u00a0<strong>energ\u00edas renovables y gratuitas<\/strong>\u00a0como la solar y la e\u00f3lica, AguaSmart ha desarrollado una soluci\u00f3n innovadora y respetuosa con el medio ambiente utilizando los \u00faltimos avances tecnol\u00f3gicos en materia de\u00a0<strong>paneles fotovoltaicos<\/strong>\u00a0y<strong>h\u00e9lices e\u00f3licas<\/strong>\u00a0a fin de satisfacer las m\u00faltiples necesidades de electrificaci\u00f3n rural.<\/p>\n<p>Nuestros sistemas pueden producir\u00a0<strong>electricidad<\/strong>\u00a0al menor costo posible en zonas sin servicios adecuados.<\/p>\n<p>Estas diversas ventajas pueden dar lugar a unidades de producci\u00f3n de energ\u00eda con los siguientes beneficios:<br \/>\n&#8211; ecol\u00f3gicas y aut\u00f3nomas<br \/>\n&#8211; eficiente, confiable y durable<br \/>\n&#8211; operaci\u00f3n simple (instalaci\u00f3n, operaci\u00f3n y mantenimiento)<br \/>\n&#8211; suministro de electricidad para un poblado y decenas de hogares (<strong>l\u00e1mparas, refrigeradores, computadoras, televisores,<\/strong>\u00a0&#8230;)<br \/>\n&#8211; adaptable a todos los pa\u00edses y a prueba de las condiciones meteorol\u00f3gicas m\u00e1s adversas (tormentas de arena, tormentas el\u00e9ctricas, &#8230;).<\/p>\n<p><span style=\"line-height: 1.714285714; font-size: 1rem;\">\u00a0<\/span><\/p>\n","protected":false},"excerpt":{"rendered":"<p>&nbsp; &nbsp; &nbsp; Potabilizaci\u00f3n AguaSmart tiene como misi\u00f3n producir\u00a0agua potable\u00a0al m\u00e1s\u00a0bajo costo\u00a0en lugares sin electricidad. AguaSmart\u00a0innova en base al uso de\u00a0sistemas ecol\u00f3gicos de purificaci\u00f3n\u00a0del agua utilizando energ\u00eda limpia como la e\u00f3lica y la solar. Al operar de forma\u00a0independiente, pueden ser ubicados en cualquier lugar y est\u00e1 dise\u00f1ado para poblaciones que necesitan agua potable a un [&hellip;]<\/p>\n","protected":false},"author":1,"featured_media":0,"parent":0,"menu_order":0,"comment_status":"closed","ping_status":"closed","template":"page-templates\/full-width.php","meta":{"footnotes":""},"class_list":["post-17","page","type-page","status-publish","hentry"],"_links":{"self":[{"href":"https:\/\/www.aguasmart.com\/es\/wp-json\/wp\/v2\/pages\/17","targetHints":{"allow":["GET"]}}],"collection":[{"href":"https:\/\/www.aguasmart.com\/es\/wp-json\/wp\/v2\/pages"}],"about":[{"href":"https:\/\/www.aguasmart.com\/es\/wp-json\/wp\/v2\/types\/page"}],"author":[{"embeddable":true,"href":"https:\/\/www.aguasmart.com\/es\/wp-json\/wp\/v2\/users\/1"}],"replies":[{"embeddable":true,"href":"https:\/\/www.aguasmart.com\/es\/wp-json\/wp\/v2\/comments?post=17"}],"version-history":[{"count":4,"href":"https:\/\/www.aguasmart.com\/es\/wp-json\/wp\/v2\/pages\/17\/revisions"}],"predecessor-version":[{"id":102,"href":"https:\/\/www.aguasmart.com\/es\/wp-json\/wp\/v2\/pages\/17\/revisions\/102"}],"wp:attachment":[{"href":"https:\/\/www.aguasmart.com\/es\/wp-json\/wp\/v2\/media?parent=17"}],"curies":[{"name":"wp","href":"https:\/\/api.w.org\/{rel}","templated":true}]}}