{"id":3,"date":"2014-01-12T18:42:59","date_gmt":"2014-01-12T17:42:59","guid":{"rendered":"https:\/\/www.aguasmart.com\/\/es\/?page_id=3"},"modified":"2017-09-27T13:18:07","modified_gmt":"2017-09-27T12:18:07","slug":"agua","status":"publish","type":"page","link":"https:\/\/www.aguasmart.com\/es\/agua\/","title":{"rendered":"EL AGUA"},"content":{"rendered":"<p><a href=\"http:\/\/localhost\/aguasmart\/es\/wp-content\/uploads\/sites\/3\/2014\/01\/txteaues.gif\"><img decoding=\"async\" class=\" wp-image-12 alignleft\" alt=\"txteaues\" src=\"https:\/\/www.aguasmart.com\/es\/wp-content\/uploads\/sites\/3\/2014\/01\/txteau.gif\" \/><\/a><\/p>\n<p>&nbsp;<\/p>\n<p><img decoding=\"async\" class=\" wp-image-61 alignright\" style=\"font-size: 1rem; line-height: 1;\" alt=\"water\" src=\"https:\/\/www.aguasmart.com\/es\/wp-content\/uploads\/sites\/3\/2014\/01\/water.jpg\" \/><\/p>\n<p>&nbsp;<\/p>\n<p>&nbsp;<\/p>\n<p>A pesar de cubrir m\u00e1s del 70% de la superficie del planeta, donde el 97% es agua salada, un 2% agua congelada en los glaciares y los cascos polares, el agua es un recurso omnipresente, raro e\u00a0<strong>indispensable<\/strong>\u00a0para sostener la vida. El hombre dispone de una m\u00ednima parte de agua proveniente de\u00a0<strong>lagos, r\u00edos, arroyos y aguas subterr\u00e1neas<\/strong>\u00a0que representan s\u00f3lo el 1% del agua disponible en la Tierra.<br \/>\nEl crecimiento demogr\u00e1fico, el desarrollo econ\u00f3mico y la urbanizaci\u00f3n s\u00f3lo refuerzan esta necesidad de agua dulce por no hablar de\u00a0<strong>calentamiento global<\/strong>que contribuye al\u00a0<strong>estr\u00e9s h\u00eddrico<\/strong>\u00a0del\u00a0<strong>planeta<\/strong>.<br \/>\nSeg\u00fan la\u00a0<strong>OMS<\/strong>, sobre un total de 7 billones de personas, m\u00e1s de 1,5 billones no tienen\u00a0<strong>acceso al agua potable<\/strong>\u00a0y m\u00e1s de 2.5 billones no tienen\u00a0<strong>sistema de saneamiento<\/strong>\u00a0de agua a pesar que la\u00a0<strong>higiene, el agua potable y la salud<\/strong>\u00a0est\u00e1n estrechamente vinculados. Las enfermedades relacionadas con el agua son la principal causa de muerte en el mundo (11 000 personas por d\u00eda o 8 personas cada minuto (la mitad de los cuales son ni\u00f1os). Y estas cifras pueden agravarse a\u00fan m\u00e1s\u00a0 en los pr\u00f3ximos 15 a\u00f1os debido a la brecha existente entre el consumo de agua potable en los pa\u00edses desarrollados de aquellos en\u00a0<strong>v\u00edas de desarrollo<\/strong>.<br \/>\nAguaSmart con su experiencia y la de sus colaboradores ofrece una soluci\u00f3n<strong>econ\u00f3mica, ecol\u00f3gica y sostenible<\/strong>\u00a0a aquellas regiones del mundo donde la necesidad de agua se convierte en una prioridad absoluta.\u00a0<strong>AguaSmart tiene como misi\u00f3n producir agua potable al m\u00e1s bajo costo en lugares sin electricidad<\/strong><strong>.<\/strong><\/p>\n<p><a href=\"http:\/\/localhost\/aguasmart\/wp-content\/uploads\/2014\/01\/worldmap_water.jpg\"><img decoding=\"async\" class=\"alignnone  wp-image-67\" alt=\"worldmap_water\" src=\"https:\/\/www.aguasmart.com\/es\/wp-content\/uploads\/sites\/3\/2014\/01\/worldmap_water.jpg\" \/><\/a><\/p>\n<p>&nbsp;<\/p>\n","protected":false},"excerpt":{"rendered":"<p>&nbsp; &nbsp; &nbsp; A pesar de cubrir m\u00e1s del 70% de la superficie del planeta, donde el 97% es agua salada, un 2% agua congelada en los glaciares y los cascos polares, el agua es un recurso omnipresente, raro e\u00a0indispensable\u00a0para sostener la vida. El hombre dispone de una m\u00ednima parte de agua proveniente de\u00a0lagos, r\u00edos, [&hellip;]<\/p>\n","protected":false},"author":1,"featured_media":0,"parent":0,"menu_order":0,"comment_status":"closed","ping_status":"closed","template":"page-templates\/full-width.php","meta":{"footnotes":""},"class_list":["post-3","page","type-page","status-publish","hentry"],"_links":{"self":[{"href":"https:\/\/www.aguasmart.com\/es\/wp-json\/wp\/v2\/pages\/3","targetHints":{"allow":["GET"]}}],"collection":[{"href":"https:\/\/www.aguasmart.com\/es\/wp-json\/wp\/v2\/pages"}],"about":[{"href":"https:\/\/www.aguasmart.com\/es\/wp-json\/wp\/v2\/types\/page"}],"author":[{"embeddable":true,"href":"https:\/\/www.aguasmart.com\/es\/wp-json\/wp\/v2\/users\/1"}],"replies":[{"embeddable":true,"href":"https:\/\/www.aguasmart.com\/es\/wp-json\/wp\/v2\/comments?post=3"}],"version-history":[{"count":5,"href":"https:\/\/www.aguasmart.com\/es\/wp-json\/wp\/v2\/pages\/3\/revisions"}],"predecessor-version":[{"id":101,"href":"https:\/\/www.aguasmart.com\/es\/wp-json\/wp\/v2\/pages\/3\/revisions\/101"}],"wp:attachment":[{"href":"https:\/\/www.aguasmart.com\/es\/wp-json\/wp\/v2\/media?parent=3"}],"curies":[{"name":"wp","href":"https:\/\/api.w.org\/{rel}","templated":true}]}}