{"id":8,"date":"2014-01-12T18:39:41","date_gmt":"2014-01-12T17:39:41","guid":{"rendered":"https:\/\/www.aguasmart.com\/\/es\/?page_id=8"},"modified":"2017-09-27T13:18:25","modified_gmt":"2017-09-27T12:18:25","slug":"index","status":"publish","type":"page","link":"https:\/\/www.aguasmart.com\/es\/","title":{"rendered":"AguaSmart"},"content":{"rendered":"<p style=\"padding-left: 180px;\"><iframe loading=\"lazy\" src=\"http:\/\/www.youtube.com\/embed\/1xFKRSZY0bk\" width=\"425\" height=\"350\" frameborder=\"0\"><\/iframe><\/p>\n<p><span style=\"font-size: small;\"><strong>La producci\u00f3n de agua potable<\/strong>\u00a0en muchos pa\u00edses del mundo es un grave problema para los que viven lejos de una ciudad en lugares que no est\u00e1n conectados a una central de procesamiento y distribuci\u00f3n de agua. A menudo la \u00fanica fuente de agua disponible se encuentra sucia,\u00a0<strong>impropia al consumo humano<\/strong>\u00a0y debe hervirse con una fuente de energ\u00eda precaria. Adem\u00e1s, en la mayor\u00eda de los casos, la fuente de agua disponible se encuentra\u00a0<strong>alejada<\/strong>\u00a0al lugar de vivienda.<\/span><\/p>\n<p><span style=\"font-size: small;\">Nuestros sistemas ofrecen una\u00a0<strong>soluci\u00f3n<\/strong>\u00a0a este grave problema, de manera<strong>confiable, universal y econ\u00f3mica<\/strong><strong>.<\/strong><\/span><\/p>\n<p><span style=\"font-size: small;\">Produciendo electricidad a trav\u00e9s de los\u00a0<strong>paneles solares<\/strong>\u00a0y h\u00e9lices\u00a0<strong>e\u00f3licas<\/strong>, \u00a0nuestras unidades de producci\u00f3n de agua potable se vuelven independientes de toda fuente de energ\u00eda que provienen de redes y son capaces de almacenar el<strong>agua potable y electricidad<\/strong>\u00a0generada pero no consumida.<\/span><\/p>\n<p><span style=\"font-size: small;\"><strong>Totalmente ecol\u00f3gicos<\/strong>, estos sistemas suprimen el uso de la madera como fuente de energ\u00eda para hervir el\u00a0<strong>agua insalubre<\/strong>. No solamente respetan el\u00a0<strong>medio ambiente<\/strong>\u00a0sino tambi\u00e9n hacen uso, a favor de la poblaci\u00f3n, de las condiciones clim\u00e1ticas del sitio, es decir de la\u00a0<strong>luz del sol<\/strong>\u00a0y del\u00a0<strong>viento<\/strong>.<\/span><\/p>\n","protected":false},"excerpt":{"rendered":"<p>La producci\u00f3n de agua potable\u00a0en muchos pa\u00edses del mundo es un grave problema para los que viven lejos de una ciudad en lugares que no est\u00e1n conectados a una central de procesamiento y distribuci\u00f3n de agua. A menudo la \u00fanica fuente de agua disponible se encuentra sucia,\u00a0impropia al consumo humano\u00a0y debe hervirse con una fuente [&hellip;]<\/p>\n","protected":false},"author":1,"featured_media":0,"parent":0,"menu_order":0,"comment_status":"closed","ping_status":"closed","template":"","meta":{"footnotes":""},"class_list":["post-8","page","type-page","status-publish","hentry"],"_links":{"self":[{"href":"https:\/\/www.aguasmart.com\/es\/wp-json\/wp\/v2\/pages\/8","targetHints":{"allow":["GET"]}}],"collection":[{"href":"https:\/\/www.aguasmart.com\/es\/wp-json\/wp\/v2\/pages"}],"about":[{"href":"https:\/\/www.aguasmart.com\/es\/wp-json\/wp\/v2\/types\/page"}],"author":[{"embeddable":true,"href":"https:\/\/www.aguasmart.com\/es\/wp-json\/wp\/v2\/users\/1"}],"replies":[{"embeddable":true,"href":"https:\/\/www.aguasmart.com\/es\/wp-json\/wp\/v2\/comments?post=8"}],"version-history":[{"count":5,"href":"https:\/\/www.aguasmart.com\/es\/wp-json\/wp\/v2\/pages\/8\/revisions"}],"predecessor-version":[{"id":186,"href":"https:\/\/www.aguasmart.com\/es\/wp-json\/wp\/v2\/pages\/8\/revisions\/186"}],"wp:attachment":[{"href":"https:\/\/www.aguasmart.com\/es\/wp-json\/wp\/v2\/media?parent=8"}],"curies":[{"name":"wp","href":"https:\/\/api.w.org\/{rel}","templated":true}]}}